{"id":36,"date":"2015-11-02T09:19:33","date_gmt":"2015-11-02T06:19:33","guid":{"rendered":"http:\/\/alfadestek.com\/westaregzoz\/?page_id=36"},"modified":"2023-06-16T12:15:46","modified_gmt":"2023-06-16T09:15:46","slug":"anasayfa","status":"publish","type":"page","link":"https:\/\/www.westaregzoz.com.tr\/TR\/","title":{"rendered":"ANASAYFA"},"content":{"rendered":"<p>[vc_row][vc_column][rev_slider_vc alias=&#8221;home-store-01&#8243; el_class=&#8221;margin-bottom-100&#8243;][\/vc_column][\/vc_row][vc_row layout=&#8221;boxed&#8221; el_class=&#8221;margin-bottom-100&#8243;][vc_column]            <div class=\"heading color-dark size-md text-center margin-bottom-60\" >\n                                <div class=\"line-single\">\n                                                        <span>\n                        WESTAR; d\u00fcr\u00fcstl\u00fckten, sayg\u0131dan ve ticaret ahlak\u0131ndan \u00f6d\u00fcn vermeyen pazarlama personeliyle, T\u00fcrkiye \u00e7ap\u0131nda geni\u015f bir bayi a\u011f\u0131na sahiptir.                    <\/span>\n                                    <\/div>\n                            <\/div>\n            [\/vc_column][vc_column width=&#8221;1\/2&#8243; el_class=&#8221;col-sm-12 col-md-6 sm-margin-bottom-30&#8243;]            <div class=\"banner style2 \" >\n                <div class=\"overflow-hidden\">\n                    <div class=\"banner-bg-img icon-light \"  style=\"height:276px; background-image: url(https:\/\/www.westaregzoz.com.tr\/TR\/wp-content\/uploads\/2019\/01\/Untitled-12.jpg);\">\n                                            <\/div>\n                <\/div>\n                <div class=\"overlay-banner \">\n                    <a class= \"link-banner\" title=\"\" target=\"_self\" href=\"#\">\n                        <div class=\"content-middle\">\n                            <div class=\"content-middle-inner\">\n                                <div class=\"content-banner\">\n                                                                                                                                                        <h4>KAL\u0130TEL\u0130 \u00dcRET\u0130M<\/h4>\n                                                                            <span class=\"sub-title\">1990&#039;dan g\u00fcn\u00fcm\u00fcze<\/span>\n                                                                    <\/div>\n                            <\/div>\n                        <\/div>\n                    <\/a>\n                <\/div>\n            <\/div>\n            [\/vc_column][vc_column width=&#8221;1\/2&#8243; el_class=&#8221;col-sm-12 col-md-6&#8243;]            <div class=\"banner style2 \" >\n                <div class=\"overflow-hidden\">\n                    <div class=\"banner-bg-img icon-light \"  style=\"height:276px; background-image: url(https:\/\/www.westaregzoz.com.tr\/TR\/wp-content\/uploads\/2019\/01\/Untitled-13.jpg);\">\n                                            <\/div>\n                <\/div>\n                <div class=\"overlay-banner \">\n                    <a class= \"link-banner\" title=\"\" target=\"_self\" href=\"#\">\n                        <div class=\"content-middle\">\n                            <div class=\"content-middle-inner\">\n                                <div class=\"content-banner\">\n                                                                                                                                                        <h4>M\u00dc\u015eTER\u0130 MEMNUN\u0130YET\u0130<\/h4>\n                                                                            <span class=\"sub-title\">1990&#039;dan g\u00fcn\u00fcm\u00fcze<\/span>\n                                                                    <\/div>\n                            <\/div>\n                        <\/div>\n                    <\/a>\n                <\/div>\n            <\/div>\n            [\/vc_column][\/vc_row][vc_row layout=&#8221;boxed&#8221;][vc_column]            <div class=\"heading color-dark size-md text-center margin-bottom-30\" >\n                                <div class=\"line-double\">\n                                                        <h2>\n                        YEN\u0130 EKLENEN \u00dcR\u00dcNLER\u0130M\u0130Z                    <\/h2>\n                                        <span>\n                        WESTAR ``Egzozda Kalite``                    <\/span>\n                                    <\/div>\n                            <\/div>\n                                        <div class=\"woocommerce sc-product-wrap\" >\n                                        <div class=\"product-listing woocommerce clearfix product-slider\">\n<div class=\"owl-carousel\" data-plugin-options='{&quot;autoplay&quot;: false,&quot;dots&quot;: true,&quot;nav&quot;: false,&quot;animateOut&quot;: &quot;fadeOut&quot;,&quot;responsive&quot; : {&quot;0&quot; : {&quot;items&quot; : 1, &quot;margin&quot;: 0}, &quot;600&quot;: {&quot;items&quot; : 2, &quot;margin&quot;: 30}, &quot;768&quot;: {&quot;items&quot; : 3, &quot;margin&quot;: 30}, &quot;992&quot;: {&quot;items&quot; : 4, &quot;margin&quot;: 30}}}'>\n                                            <div class=\"product-item-wrap rating-disable quick-view-disable post-4709 product type-product status-publish has-post-thumbnail product_cat-westar first instock shipping-taxable product-type-simple\">\n    <div class=\"product-item-inner\">\n        <div class=\"product-thumb\">\n            <div class=\"product-flash-wrap\">\n\n\n<\/div>\n                            <div class=\"product-thumb-one\">\n                    <img loading=\"lazy\" decoding=\"async\" width=\"270\" height=\"345\" src=\"https:\/\/www.westaregzoz.com.tr\/TR\/wp-content\/uploads\/2018\/12\/Egzoz-728x410-270x345.jpg\" class=\"attachment-woocommerce_thumbnail size-woocommerce_thumbnail\" alt=\"\" \/>                <\/div>\n                                    <a class=\"product-link\" href=\"https:\/\/www.westaregzoz.com.tr\/TR\/urun\/1300-on-boru-4\/\"><\/a>\t\t\t<div class=\"product-actions\">\n\t\t\t\t\n\n\n\t\t\t<\/div>\n        <\/div>\n        <div class=\"product-info\">\n\n            <h3 class=\"product-name p-font\"><a href=\"https:\/\/www.westaregzoz.com.tr\/TR\/urun\/1300-on-boru-4\/\">1300 \u00d6n Boru<\/a><\/h3>\n\n\n        <\/div>\n    <\/div>\n<\/div>\n\n                                            <div class=\"product-item-wrap rating-disable quick-view-disable post-4708 product type-product status-publish has-post-thumbnail product_cat-westar  instock shipping-taxable product-type-simple\">\n    <div class=\"product-item-inner\">\n        <div class=\"product-thumb\">\n            <div class=\"product-flash-wrap\">\n\n\n<\/div>\n                            <div class=\"product-thumb-one\">\n                    <img loading=\"lazy\" decoding=\"async\" width=\"270\" height=\"345\" src=\"https:\/\/www.westaregzoz.com.tr\/TR\/wp-content\/uploads\/2018\/12\/Egzoz-728x410-270x345.jpg\" class=\"attachment-woocommerce_thumbnail size-woocommerce_thumbnail\" alt=\"\" \/>                <\/div>\n                                    <a class=\"product-link\" href=\"https:\/\/www.westaregzoz.com.tr\/TR\/urun\/1300-on-boru-3\/\"><\/a>\t\t\t<div class=\"product-actions\">\n\t\t\t\t\n\n\n\t\t\t<\/div>\n        <\/div>\n        <div class=\"product-info\">\n\n            <h3 class=\"product-name p-font\"><a href=\"https:\/\/www.westaregzoz.com.tr\/TR\/urun\/1300-on-boru-3\/\">1300 \u00d6n Boru<\/a><\/h3>\n\n\n        <\/div>\n    <\/div>\n<\/div>\n\n                                            <div class=\"product-item-wrap rating-disable quick-view-disable post-4707 product type-product status-publish has-post-thumbnail product_cat-westar  instock shipping-taxable product-type-simple\">\n    <div class=\"product-item-inner\">\n        <div class=\"product-thumb\">\n            <div class=\"product-flash-wrap\">\n\n\n<\/div>\n                            <div class=\"product-thumb-one\">\n                    <img loading=\"lazy\" decoding=\"async\" width=\"270\" height=\"345\" src=\"https:\/\/www.westaregzoz.com.tr\/TR\/wp-content\/uploads\/2018\/12\/Egzoz-728x410-270x345.jpg\" class=\"attachment-woocommerce_thumbnail size-woocommerce_thumbnail\" alt=\"\" \/>                <\/div>\n                                    <a class=\"product-link\" href=\"https:\/\/www.westaregzoz.com.tr\/TR\/urun\/1300-on-boru-2\/\"><\/a>\t\t\t<div class=\"product-actions\">\n\t\t\t\t\n\n\n\t\t\t<\/div>\n        <\/div>\n        <div class=\"product-info\">\n\n            <h3 class=\"product-name p-font\"><a href=\"https:\/\/www.westaregzoz.com.tr\/TR\/urun\/1300-on-boru-2\/\">1300 \u00d6n Boru<\/a><\/h3>\n\n\n        <\/div>\n    <\/div>\n<\/div>\n\n                                            <div class=\"product-item-wrap rating-disable quick-view-disable post-4617 product type-product status-publish has-post-thumbnail product_cat-westar last instock shipping-taxable product-type-simple\">\n    <div class=\"product-item-inner\">\n        <div class=\"product-thumb\">\n            <div class=\"product-flash-wrap\">\n\n\n<\/div>\n                            <div class=\"product-thumb-one\">\n                    <img loading=\"lazy\" decoding=\"async\" width=\"270\" height=\"345\" src=\"https:\/\/www.westaregzoz.com.tr\/TR\/wp-content\/uploads\/2018\/12\/Egzoz-728x410-270x345.jpg\" class=\"attachment-woocommerce_thumbnail size-woocommerce_thumbnail\" alt=\"\" \/>                <\/div>\n                                    <a class=\"product-link\" href=\"https:\/\/www.westaregzoz.com.tr\/TR\/urun\/1300-on-boru\/\"><\/a>\t\t\t<div class=\"product-actions\">\n\t\t\t\t\n\n\n\t\t\t<\/div>\n        <\/div>\n        <div class=\"product-info\">\n\n            <h3 class=\"product-name p-font\"><a href=\"https:\/\/www.westaregzoz.com.tr\/TR\/urun\/1300-on-boru\/\">1300 \u00d6n Boru<\/a><\/h3>\n\n\n        <\/div>\n    <\/div>\n<\/div>\n\n                                        \t<\/div>\n<\/div>\n                <\/div>\n            \n            [\/vc_column][\/vc_row][vc_row layout=&#8221;boxed&#8221;][vc_column]            <div class=\"partner-carousel style1 \" >\n                <div class=\"owl-g5plus-shortcode owl-carousel\"\n                     data-plugin-options='{&quot;loop&quot;:true,&quot;center&quot;:true,&quot;nav&quot;:false,&quot;dots&quot;:false,&quot;autoplay&quot;:true,&quot;autoplayHoverPause&quot;:true,&quot;autoplayTimeout&quot;:5000,&quot;margin&quot;:0,&quot;items&quot;:30,&quot;responsive&quot;:{&quot;0&quot;:{&quot;items&quot;:1},&quot;600&quot;:{&quot;items&quot;:2},&quot;768&quot;:{&quot;items&quot;:3},&quot;980&quot;:{&quot;items&quot;:10},&quot;1200&quot;:{&quot;items&quot;:15}}}'>\n                    <img loading=\"lazy\" decoding=\"async\" width=\"90\" height=\"61\" src=\"https:\/\/www.westaregzoz.com.tr\/TR\/wp-content\/uploads\/2019\/01\/volvo_hoeyme.jpg\" class=\"attachment-full\" alt=\"\" \/><img loading=\"lazy\" decoding=\"async\" width=\"90\" height=\"61\" src=\"https:\/\/www.westaregzoz.com.tr\/TR\/wp-content\/uploads\/2019\/01\/Volkswagen_Logo_80x70_2.png\" class=\"attachment-full\" alt=\"\" \/><img loading=\"lazy\" decoding=\"async\" width=\"90\" height=\"61\" src=\"https:\/\/www.westaregzoz.com.tr\/TR\/wp-content\/uploads\/2019\/01\/Toyota_Logo_80x70_xkaoef.png\" class=\"attachment-full\" alt=\"\" \/><img loading=\"lazy\" decoding=\"async\" width=\"90\" height=\"61\" src=\"https:\/\/www.westaregzoz.com.tr\/TR\/wp-content\/uploads\/2019\/01\/Tofa\u015f_Logo_80x70_ql1a1c.png\" class=\"attachment-full\" alt=\"\" \/><img loading=\"lazy\" decoding=\"async\" width=\"90\" height=\"61\" src=\"https:\/\/www.westaregzoz.com.tr\/TR\/wp-content\/uploads\/2019\/01\/TATA_Logo_80x70_oxnnnx.png\" class=\"attachment-full\" alt=\"\" \/><img loading=\"lazy\" decoding=\"async\" width=\"90\" height=\"61\" src=\"https:\/\/www.westaregzoz.com.tr\/TR\/wp-content\/uploads\/2019\/01\/Suzuki_Logo_80x70_jwpfdm.png\" class=\"attachment-full\" alt=\"\" \/><img loading=\"lazy\" decoding=\"async\" width=\"90\" height=\"61\" src=\"https:\/\/www.westaregzoz.com.tr\/TR\/wp-content\/uploads\/2019\/01\/Subaru_Logo_80x70_k1uiu4.png\" class=\"attachment-full\" alt=\"\" \/><img loading=\"lazy\" decoding=\"async\" width=\"90\" height=\"61\" src=\"https:\/\/www.westaregzoz.com.tr\/TR\/wp-content\/uploads\/2019\/01\/ssangyong-logo_octjtl.jpg\" class=\"attachment-full\" alt=\"\" \/><img loading=\"lazy\" decoding=\"async\" width=\"90\" height=\"61\" src=\"https:\/\/www.westaregzoz.com.tr\/TR\/wp-content\/uploads\/2019\/01\/Skoda_Logo_80x70_kylmwe.png\" class=\"attachment-full\" alt=\"\" \/><img loading=\"lazy\" decoding=\"async\" width=\"90\" height=\"61\" src=\"https:\/\/www.westaregzoz.com.tr\/TR\/wp-content\/uploads\/2019\/01\/seat-logo_hdzfoc.jpg\" class=\"attachment-full\" alt=\"\" \/><img loading=\"lazy\" decoding=\"async\" width=\"90\" height=\"61\" src=\"https:\/\/www.westaregzoz.com.tr\/TR\/wp-content\/uploads\/2019\/01\/Renault_Logo_wgwtlu.jpg\" class=\"attachment-full\" alt=\"\" \/><img loading=\"lazy\" decoding=\"async\" width=\"90\" height=\"61\" src=\"https:\/\/www.westaregzoz.com.tr\/TR\/wp-content\/uploads\/2019\/01\/Peugeot_Logo_80x70_bjyvo4.jpg\" class=\"attachment-full\" alt=\"\" \/><img loading=\"lazy\" decoding=\"async\" width=\"90\" height=\"61\" src=\"https:\/\/www.westaregzoz.com.tr\/TR\/wp-content\/uploads\/2019\/01\/Opel-Logo-640x480_aint8l.jpg\" class=\"attachment-full\" alt=\"\" \/><img loading=\"lazy\" decoding=\"async\" width=\"90\" height=\"61\" src=\"https:\/\/www.westaregzoz.com.tr\/TR\/wp-content\/uploads\/2019\/01\/Nissan_Logo_80x70_2.png\" class=\"attachment-full\" alt=\"\" \/><img loading=\"lazy\" decoding=\"async\" width=\"90\" height=\"61\" src=\"https:\/\/www.westaregzoz.com.tr\/TR\/wp-content\/uploads\/2019\/01\/Mitsubishi_Logo_80x70_n4hzxv.png\" class=\"attachment-full\" alt=\"\" \/><img loading=\"lazy\" decoding=\"async\" width=\"90\" height=\"61\" src=\"https:\/\/www.westaregzoz.com.tr\/TR\/wp-content\/uploads\/2019\/01\/mini-logo_mjwaft.jpg\" class=\"attachment-full\" alt=\"\" \/><img loading=\"lazy\" decoding=\"async\" width=\"90\" height=\"61\" src=\"https:\/\/www.westaregzoz.com.tr\/TR\/wp-content\/uploads\/2019\/01\/Mercedes_Logo_80x70_caw6sf.png\" class=\"attachment-full\" alt=\"\" \/><img loading=\"lazy\" decoding=\"async\" width=\"90\" height=\"61\" src=\"https:\/\/www.westaregzoz.com.tr\/TR\/wp-content\/uploads\/2019\/01\/mazda_c6zw9u.jpg\" class=\"attachment-full\" alt=\"\" \/><img loading=\"lazy\" decoding=\"async\" width=\"90\" height=\"61\" src=\"https:\/\/www.westaregzoz.com.tr\/TR\/wp-content\/uploads\/2019\/01\/LandRover_Logo_80x70_xuqj6u.png\" class=\"attachment-full\" alt=\"\" \/><img loading=\"lazy\" decoding=\"async\" width=\"90\" height=\"61\" src=\"https:\/\/www.westaregzoz.com.tr\/TR\/wp-content\/uploads\/2019\/01\/lancia_i6ttw0.jpg\" class=\"attachment-full\" alt=\"\" \/><img loading=\"lazy\" decoding=\"async\" width=\"90\" height=\"61\" src=\"https:\/\/www.westaregzoz.com.tr\/TR\/wp-content\/uploads\/2019\/01\/lada_nw62wr.jpg\" class=\"attachment-full\" alt=\"\" \/><img loading=\"lazy\" decoding=\"async\" width=\"90\" height=\"61\" src=\"https:\/\/www.westaregzoz.com.tr\/TR\/wp-content\/uploads\/2019\/01\/Kia_sxaxff.jpg\" class=\"attachment-full\" alt=\"\" \/><img loading=\"lazy\" decoding=\"async\" width=\"90\" height=\"61\" src=\"https:\/\/www.westaregzoz.com.tr\/TR\/wp-content\/uploads\/2019\/01\/iveco-logo-1.1_cba8mn.jpg\" class=\"attachment-full\" alt=\"\" \/><img loading=\"lazy\" decoding=\"async\" width=\"90\" height=\"61\" src=\"https:\/\/www.westaregzoz.com.tr\/TR\/wp-content\/uploads\/2019\/01\/Isuzu-Logo_sz90iv.jpg\" class=\"attachment-full\" alt=\"\" \/><img loading=\"lazy\" decoding=\"async\" width=\"90\" height=\"61\" src=\"https:\/\/www.westaregzoz.com.tr\/TR\/wp-content\/uploads\/2019\/01\/Infiniti_Logo_80x70_ghoocs.png\" class=\"attachment-full\" alt=\"\" \/><img loading=\"lazy\" decoding=\"async\" width=\"90\" height=\"61\" src=\"https:\/\/www.westaregzoz.com.tr\/TR\/wp-content\/uploads\/2019\/01\/Hyundai_Logo_160x140_fmxzsr.png\" class=\"attachment-full\" alt=\"\" \/><img loading=\"lazy\" decoding=\"async\" width=\"90\" height=\"61\" src=\"https:\/\/www.westaregzoz.com.tr\/TR\/wp-content\/uploads\/2019\/01\/honda-logo_l9mls3.jpg\" class=\"attachment-full\" alt=\"\" \/><img loading=\"lazy\" decoding=\"async\" width=\"90\" height=\"61\" src=\"https:\/\/www.westaregzoz.com.tr\/TR\/wp-content\/uploads\/2019\/01\/Geely-Logo_riuin2.png\" class=\"attachment-full\" alt=\"\" \/><img loading=\"lazy\" decoding=\"async\" width=\"90\" height=\"61\" src=\"https:\/\/www.westaregzoz.com.tr\/TR\/wp-content\/uploads\/2019\/01\/ford-logo-640x480_w509eq.jpg\" class=\"attachment-full\" alt=\"\" \/><img loading=\"lazy\" decoding=\"async\" width=\"90\" height=\"61\" src=\"https:\/\/www.westaregzoz.com.tr\/TR\/wp-content\/uploads\/2019\/01\/Fiat_Logo_80x70_g9c9fi.jpg\" class=\"attachment-full\" alt=\"\" \/><img loading=\"lazy\" decoding=\"async\" width=\"90\" height=\"61\" src=\"https:\/\/www.westaregzoz.com.tr\/TR\/wp-content\/uploads\/2019\/01\/Daihatsu_Logo_80x70_sax5fs.png\" class=\"attachment-full\" alt=\"\" \/><img loading=\"lazy\" decoding=\"async\" width=\"90\" height=\"61\" src=\"https:\/\/www.westaregzoz.com.tr\/TR\/wp-content\/uploads\/2019\/01\/Daewoo_Logo_80x70_funynv.png\" class=\"attachment-full\" alt=\"\" \/><img loading=\"lazy\" decoding=\"async\" width=\"90\" height=\"61\" src=\"https:\/\/www.westaregzoz.com.tr\/TR\/wp-content\/uploads\/2019\/01\/Dacia_Logo_80x70_ojdhqk.png\" class=\"attachment-full\" alt=\"\" \/><img loading=\"lazy\" decoding=\"async\" width=\"90\" height=\"61\" src=\"https:\/\/www.westaregzoz.com.tr\/TR\/wp-content\/uploads\/2019\/01\/Citroen_Logo_80x70_eliijd.png\" class=\"attachment-full\" alt=\"\" \/><img loading=\"lazy\" decoding=\"async\" width=\"90\" height=\"61\" src=\"https:\/\/www.westaregzoz.com.tr\/TR\/wp-content\/uploads\/2019\/01\/Chrysler_Logo_80x70_2.png\" class=\"attachment-full\" alt=\"\" \/><img loading=\"lazy\" decoding=\"async\" width=\"90\" height=\"61\" src=\"https:\/\/www.westaregzoz.com.tr\/TR\/wp-content\/uploads\/2019\/01\/Chevrolet_Logo_80x70_rhxsgw.png\" class=\"attachment-full\" alt=\"\" \/><img loading=\"lazy\" decoding=\"async\" width=\"90\" height=\"61\" src=\"https:\/\/www.westaregzoz.com.tr\/TR\/wp-content\/uploads\/2019\/01\/Chery_Logo_80x70_kwwdeg.png\" class=\"attachment-full\" alt=\"\" \/><img loading=\"lazy\" decoding=\"async\" width=\"90\" height=\"61\" src=\"https:\/\/www.westaregzoz.com.tr\/TR\/wp-content\/uploads\/2019\/01\/BMW_Logo_80x70_2.png\" class=\"attachment-full\" alt=\"\" \/><img loading=\"lazy\" decoding=\"async\" width=\"90\" height=\"61\" src=\"https:\/\/www.westaregzoz.com.tr\/TR\/wp-content\/uploads\/2019\/01\/Audi_Logo_80x70_bqhvgr.png\" class=\"attachment-full\" alt=\"\" \/>                <\/div>\n            <\/div>\n            [\/vc_column][\/vc_row][vc_row][vc_column]            <div class=\"call-action style1 s-color-bg  margin-bottom-90\" >\n                <div class=\"container\">\n                                        <h4>WESTAR&#039;\u0131n yapm\u0131\u015f oldu\u011fu yurt d\u0131\u015f\u0131 ihracatlar\u0131 ve 1000&#039;i a\u015fk\u0131n bayisi, pazarlamas\u0131n\u0131n ne denli g\u00fc\u00e7l\u00fc oldu\u011funu kan\u0131tlar\u0131.<\/h4>\n                                        <a class=\"m-button m-button-xs m-button-light m-button-bordered\" href=\"#\"\n                       target=\"_self\">T\u00dcM \u00dcR\u00dcNLER                    <\/a>\n                <\/div>\n            <\/div>\n            [vc_column_text]<iframe loading=\"lazy\" style=\"border: 0;\" src=\"https:\/\/www.google.com\/maps\/embed?pb=!1m18!1m12!1m3!1d3054.389683023812!2d32.62114430214184!3d40.04440385367976!2m3!1f0!2f0!3f0!3m2!1i1024!2i768!4f13.1!3m3!1m2!1s0x14d333e2f306cd1f%3A0x9dd32f0f18bc0302!2sWestar+Ankara+Egzoz!5e0!3m2!1str!2str!4v1546337664214\" width=\"100%\" height=\"450\" frameborder=\"0\" allowfullscreen=\"allowfullscreen\"><\/iframe>[\/vc_column_text][\/vc_column][\/vc_row]<\/p>\n","protected":false},"excerpt":{"rendered":"<p>[vc_row][vc_column][rev_slider_vc alias=&#8221;home-store-01&#8243; el_class=&#8221;margin-bottom-100&#8243;][\/vc_column][\/vc_row][vc_row layout=&#8221;boxed&#8221; el_class=&#8221;margin-bottom-100&#8243;][vc_column][\/vc_column][vc_column width=&#8221;1\/2&#8243; el_class=&#8221;col-sm-12 col-md-6 sm-margin-bottom-30&#8243;][\/vc_column][vc_column width=&#8221;1\/2&#8243; el_class=&#8221;col-sm-12 col-md-6&#8243;][\/vc_column][\/vc_row][vc_row layout=&#8221;boxed&#8221;][vc_column][\/vc_column][\/vc_row][vc_row layout=&#8221;boxed&#8221;][vc_column][\/vc_column][\/vc_row][vc_row][vc_column][vc_column_text][\/vc_column_text][\/vc_column][\/vc_row]<\/p>\n","protected":false},"author":1,"featured_media":0,"parent":0,"menu_order":0,"comment_status":"closed","ping_status":"closed","template":"","meta":{"footnotes":""},"class_list":["post-36","page","type-page","status-publish","hentry"],"_links":{"self":[{"href":"https:\/\/www.westaregzoz.com.tr\/TR\/wp-json\/wp\/v2\/pages\/36","targetHints":{"allow":["GET"]}}],"collection":[{"href":"https:\/\/www.westaregzoz.com.tr\/TR\/wp-json\/wp\/v2\/pages"}],"about":[{"href":"https:\/\/www.westaregzoz.com.tr\/TR\/wp-json\/wp\/v2\/types\/page"}],"author":[{"embeddable":true,"href":"https:\/\/www.westaregzoz.com.tr\/TR\/wp-json\/wp\/v2\/users\/1"}],"replies":[{"embeddable":true,"href":"https:\/\/www.westaregzoz.com.tr\/TR\/wp-json\/wp\/v2\/comments?post=36"}],"version-history":[{"count":33,"href":"https:\/\/www.westaregzoz.com.tr\/TR\/wp-json\/wp\/v2\/pages\/36\/revisions"}],"predecessor-version":[{"id":5001,"href":"https:\/\/www.westaregzoz.com.tr\/TR\/wp-json\/wp\/v2\/pages\/36\/revisions\/5001"}],"wp:attachment":[{"href":"https:\/\/www.westaregzoz.com.tr\/TR\/wp-json\/wp\/v2\/media?parent=36"}],"curies":[{"name":"wp","href":"https:\/\/api.w.org\/{rel}","templated":true}]}}